{"id":2,"date":"2023-04-26T13:22:59","date_gmt":"2023-04-26T11:22:59","guid":{"rendered":"https:\/\/www.xn--radonmtningarbetsplats-54b.nu\/?page_id=2"},"modified":"2024-11-05T09:00:24","modified_gmt":"2024-11-05T08:00:24","slug":"radonmatningarbetsplats","status":"publish","type":"page","link":"https:\/\/www.xn--radonmtningarbetsplats-54b.nu\/","title":{"rendered":"Radonm\u00e4tning arbetsplats"},"content":{"rendered":"\n<div class=\"wp-block-cover alignfull\"><span aria-hidden=\"true\" class=\"wp-block-cover__background has-background-dim\"><\/span><img loading=\"lazy\" decoding=\"async\" width=\"1920\" height=\"1080\" class=\"wp-block-cover__image-background wp-image-18\" alt=\"\" src=\"https:\/\/www.xn--radonmtningarbetsplats-54b.nu\/wp-content\/uploads\/2023\/05\/radon-workplace.jpg\" data-object-fit=\"cover\" srcset=\"https:\/\/www.xn--radonmtningarbetsplats-54b.nu\/wp-content\/uploads\/2023\/05\/radon-workplace.jpg 1920w, https:\/\/www.xn--radonmtningarbetsplats-54b.nu\/wp-content\/uploads\/2023\/05\/radon-workplace-300x169.jpg 300w, https:\/\/www.xn--radonmtningarbetsplats-54b.nu\/wp-content\/uploads\/2023\/05\/radon-workplace-1024x576.jpg 1024w, https:\/\/www.xn--radonmtningarbetsplats-54b.nu\/wp-content\/uploads\/2023\/05\/radon-workplace-768x432.jpg 768w, https:\/\/www.xn--radonmtningarbetsplats-54b.nu\/wp-content\/uploads\/2023\/05\/radon-workplace-1536x864.jpg 1536w\" sizes=\"auto, (max-width: 1920px) 100vw, 1920px\" \/><div class=\"wp-block-cover__inner-container is-layout-flow wp-block-cover-is-layout-flow\">\n<h2 class=\"wp-block-heading has-text-align-center has-white-color has-text-color has-huge-font-size\">Radonm\u00e4tning arbetsplats<\/h2>\n\n\n\n<div style=\"height:10px\" aria-hidden=\"true\" class=\"wp-block-spacer\"><\/div>\n\n\n\n<p class=\"has-text-align-center has-white-color has-text-color\">Det \u00e4r arbetsgivarens ansvar att genomf\u00f6ra radonm\u00e4tningar p\u00e5 arbetsplatser.<br>Radonhalten ska m\u00e4tas under minst tv\u00e5 m\u00e5nader, eller l\u00e4ngre,<br>under eldningss\u00e4songen som str\u00e4cker sig fr\u00e5n 1 oktober till och med 30 april.<\/p>\n\n\n\n<div style=\"height:40px\" aria-hidden=\"true\" class=\"wp-block-spacer\"><\/div>\n\n\n\n<div class=\"wp-block-buttons alignwide is-content-justification-center is-layout-flex wp-container-core-buttons-is-layout-16018d1d wp-block-buttons-is-layout-flex\">\n<div class=\"wp-block-button has-custom-width wp-block-button__width-25\"><a class=\"wp-block-button__link has-orange-background-color has-background has-text-align-center wp-element-button\" href=\"https:\/\/radonm\u00e4tning.se\/produkt\/radonmatning-arbetsplatser\/\" target=\"_blank\" rel=\"noreferrer noopener\">Best\u00e4ll radonm\u00e4tning h\u00e4r<\/a><\/div>\n<\/div>\n<\/div><\/div>\n\n\n\n<div style=\"height:50px\" aria-hidden=\"true\" class=\"wp-block-spacer\"><\/div>\n\n\n\n<p>Det \u00e4r arbetsgivarens ansvar i Sverige att s\u00e4kerst\u00e4lla en s\u00e4ker arbetsmilj\u00f6, det inkluderar att skydda arbetstagare fr\u00e5n radonexponering. En ny Str\u00e5lskyddslag som reglerar radon p\u00e5 arbetsplatser tr\u00e4dde i kraft \u00e5r 2018. Enligt denna lag \u00e4r arbetsgivare skyldiga att agera om radonhalterna \u00f6verstiger 200 Bq\/m3. B\u00e5de Arbetsmilj\u00f6lagen och Str\u00e5lskyddsf\u00f6rordningen reglerar kraven och Str\u00e5ls\u00e4kerhetsmyndigheten har tillsynsansvar f\u00f6r radon p\u00e5 arbetsplatser.<\/p>\n\n\n\n<p>Enligt den nya str\u00e5lskyddslagen, som implementerades den 1 juni 2018, \u00e4r arbetsgivaren skyldig att anm\u00e4la radonhalter som \u00f6verstiger referensniv\u00e5n p\u00e5 200 Bq\/m3 i \u00e5rsmedelv\u00e4rde till Str\u00e5ls\u00e4kerhetsmyndigheten. Arbetsgivaren m\u00e5ste \u00e4ven till\u00e4mpa regler f\u00f6r att fastst\u00e4lla och begr\u00e4nsa exponeringen av radon samt dokumentera \u00e5tg\u00e4rderna. Det finns tre viktiga punkter om radon p\u00e5 arbetsplatsen:<\/p>\n\n\n\n<div style=\"height:50px\" aria-hidden=\"true\" class=\"wp-block-spacer\"><\/div>\n\n\n\n<div class=\"wp-block-columns is-layout-flex wp-container-core-columns-is-layout-9d6595d7 wp-block-columns-is-layout-flex\">\n<div class=\"wp-block-column is-layout-flow wp-block-column-is-layout-flow\">\n<h3 class=\"wp-block-heading\"><strong>1. Arbetsgivarens ansvar<\/strong><\/h3>\n\n\n\n<ul class=\"wp-block-list\">\n<li>Att m\u00e4ta radon p\u00e5 arbetsplatsen.<\/li>\n\n\n\n<li>Att vidta \u00e5tg\u00e4rder och anm\u00e4la radonhalter \u00f6ver 200 Bq\/m3 till Str\u00e5ls\u00e4kerhetsmyndigheten.<\/li>\n\n\n\n<li>Att f\u00f6lja nya regler och dokumentera \u00e5tg\u00e4rder.<\/li>\n<\/ul>\n<\/div>\n\n\n\n<div class=\"wp-block-column is-layout-flow wp-block-column-is-layout-flow\">\n<h3 class=\"wp-block-heading\"><strong>2. Ny metodbeskrivning<\/strong><\/h3>\n\n\n\n<ul class=\"wp-block-list\">\n<li>F\u00f6rb\u00e4ttrad metodbeskrivning f\u00f6r radonm\u00e4tning p\u00e5 arbetsplatser g\u00e4ller sedan 1 oktober 2021.<\/li>\n\n\n\n<li>Syftet \u00e4r att f\u00f6rb\u00e4ttra noggrannheten och ers\u00e4tta den tidigare beskrivningen fr\u00e5n 2004.<\/li>\n<\/ul>\n<\/div>\n\n\n\n<div class=\"wp-block-column is-layout-flow wp-block-column-is-layout-flow\">\n<h3 class=\"wp-block-heading\"><strong>3. H\u00e4lsorisk<\/strong><\/h3>\n\n\n\n<ul class=\"wp-block-list\">\n<li>L\u00e5ngvarig exponering av f\u00f6rh\u00f6jd radonhalt kan orsaka lungcancer.<\/li>\n\n\n\n<li>Str\u00e5ls\u00e4kerhetsmyndigheten uppskattar att radon orsakar 400-500 lungcancerfall per \u00e5r.<\/li>\n\n\n\n<li>Det enda s\u00e4ttet att uppt\u00e4cka radon \u00e4r att m\u00e4ta.<\/li>\n<\/ul>\n<\/div>\n<\/div>\n\n\n\n<div style=\"height:50px\" aria-hidden=\"true\" class=\"wp-block-spacer\"><\/div>\n\n\n\n<div class=\"wp-block-columns is-layout-flex wp-container-core-columns-is-layout-9d6595d7 wp-block-columns-is-layout-flex\">\n<div class=\"wp-block-column is-layout-flow wp-block-column-is-layout-flow\">\n<figure class=\"wp-block-image size-large\"><img loading=\"lazy\" decoding=\"async\" width=\"1024\" height=\"725\" src=\"https:\/\/www.xn--radonmtningarbetsplats-54b.nu\/wp-content\/uploads\/2023\/05\/plan-1024x725.jpg\" alt=\"Ny f\u00f6rb\u00e4ttrad metodbeskrivning radonm\u00e4tning arbetsplats\" class=\"wp-image-62\" srcset=\"https:\/\/www.xn--radonmtningarbetsplats-54b.nu\/wp-content\/uploads\/2023\/05\/plan-1024x725.jpg 1024w, https:\/\/www.xn--radonmtningarbetsplats-54b.nu\/wp-content\/uploads\/2023\/05\/plan-300x212.jpg 300w, https:\/\/www.xn--radonmtningarbetsplats-54b.nu\/wp-content\/uploads\/2023\/05\/plan-768x544.jpg 768w, https:\/\/www.xn--radonmtningarbetsplats-54b.nu\/wp-content\/uploads\/2023\/05\/plan.jpg 1300w\" sizes=\"auto, (max-width: 1024px) 100vw, 1024px\" \/><\/figure>\n\n\n\n<div style=\"height:20px\" aria-hidden=\"true\" class=\"wp-block-spacer\"><\/div>\n\n\n\n<h2 class=\"wp-block-heading has-text-align-center\">Ny f\u00f6rb\u00e4ttrad metodbeskrivning<\/h2>\n\n\n\n<p>Fr\u00e5n och med den 1 oktober 2021 har en f\u00f6rb\u00e4ttrad metodbeskrivning f\u00f6r m\u00e4tning av radon p\u00e5 arbetsplatser inf\u00f6rts. Syftet med den nya beskrivningen \u00e4r att f\u00f6rb\u00e4ttra noggrannheten vid best\u00e4mning av radonhalter och ers\u00e4tta den tidigare beskrivningen fr\u00e5n 2004. Genom att f\u00f6lja de nya best\u00e4mmelserna och riktlinjerna f\u00f6r radonm\u00e4tning och exponeringshantering kan arbetsgivare s\u00e4kerst\u00e4lla en trygg arbetsmilj\u00f6 f\u00f6r sina anst\u00e4llda och minska risken f\u00f6r radonrelaterade h\u00e4lsoproblem.<\/p>\n<\/div>\n\n\n\n<div class=\"wp-block-column is-layout-flow wp-block-column-is-layout-flow\">\n<figure class=\"wp-block-image size-large\"><img loading=\"lazy\" decoding=\"async\" width=\"1024\" height=\"725\" src=\"https:\/\/www.xn--radonmtningarbetsplats-54b.nu\/wp-content\/uploads\/2023\/05\/workey-1024x725.jpg\" alt=\"Radonm\u00e4tning arbetsplats\" class=\"wp-image-63\" srcset=\"https:\/\/www.xn--radonmtningarbetsplats-54b.nu\/wp-content\/uploads\/2023\/05\/workey-1024x725.jpg 1024w, https:\/\/www.xn--radonmtningarbetsplats-54b.nu\/wp-content\/uploads\/2023\/05\/workey-300x212.jpg 300w, https:\/\/www.xn--radonmtningarbetsplats-54b.nu\/wp-content\/uploads\/2023\/05\/workey-768x544.jpg 768w, https:\/\/www.xn--radonmtningarbetsplats-54b.nu\/wp-content\/uploads\/2023\/05\/workey.jpg 1300w\" sizes=\"auto, (max-width: 1024px) 100vw, 1024px\" \/><\/figure>\n\n\n\n<div style=\"height:20px\" aria-hidden=\"true\" class=\"wp-block-spacer\"><\/div>\n\n\n\n<h2 class=\"wp-block-heading has-text-align-center\">Radonm\u00e4tning arbetsplats<\/h2>\n\n\n\n<p>Att genomf\u00f6ra en radonm\u00e4tning p\u00e5 arbetsplatsen sj\u00e4lv \u00e4r enkelt. Du kan best\u00e4lla sp\u00e5rfilmsdosor f\u00f6r att f\u00e5 ett tillf\u00f6rlitligt \u00e5rsmedelv\u00e4rde av radonhalten hos ackrediterade f\u00f6retag. L\u00e5ngtidsm\u00e4tning \u00e4r det s\u00e4kraste s\u00e4ttet att m\u00e4ta radon p\u00e5. L\u00e5ngvarig exponering av f\u00f6rh\u00f6jd radonhalt kan orsaka lungcancer. Str\u00e5l\u00ads\u00e4ker\u00adhets\u00admyndig\u00adheten uppskattar att radon orsakar omkring 400-500 lungcancerfall varje \u00e5r i Sverige. Det enda s\u00e4ttet att uppt\u00e4cka radon \u00e4r att m\u00e4ta.<\/p>\n<\/div>\n<\/div>\n\n\n\n<div style=\"height:50px\" aria-hidden=\"true\" class=\"wp-block-spacer\"><\/div>\n\n\n\n<h2 class=\"wp-block-heading has-text-align-center\">Om radon<\/h2>\n\n\n\n<p>Radon \u00e4r en gas som inte kan ses eller luktas. Den bildas genom s\u00f6nderfallet av det radioaktiva grund\u00e4mnet radium. Riktv\u00e4rdet f\u00f6r radonhalten i inomhusluften \u00e4r satt till 200 Bq\/m3. Den vanligaste k\u00e4llan till <a href=\"https:\/\/www.xn--radonmtningarbetsplats-54b.nu\/?p=78\">radon<\/a> i bost\u00e4der, byggnader och lokaler \u00e4r radon som kommer fr\u00e5n marken. Dessutom kan radon f\u00f6rekomma i vissa byggmaterial. N\u00e4r det g\u00e4ller radon i v\u00e5ra byggnader kan det komma fr\u00e5n en eller flera av f\u00f6ljande tre k\u00e4llor:<\/p>\n\n\n\n<ol class=\"wp-block-list\">\n<li>Markent: Radon kan tr\u00e4nga in i byggnader genom sprickor och h\u00e5l i grundplattor, v\u00e4ggar och golv. Det kan sippra upp fr\u00e5n marken och ansamlas inomhus.<\/li>\n\n\n\n<li>Byggmaterial: Vissa byggmaterial (bl\u00e5betong) kan inneh\u00e5lla radonhaltiga \u00e4mnen. N\u00e4r dessa material anv\u00e4nds i konstruktionen av byggnader kan de bidra till radonhalter inomhus.<\/li>\n\n\n\n<li>Vatten: Vatten som anv\u00e4nds f\u00f6r hush\u00e5lls\u00e4ndam\u00e5l kan ocks\u00e5 inneh\u00e5lla radon. N\u00e4r vattnet anv\u00e4nds i exempelvis dusch, disk och tv\u00e4tt kan radonet avges till inomhusluften och \u00f6ka exponeringen.<\/li>\n<\/ol>\n\n\n\n<p>F\u00f6r att minska radonexponeringen \u00e4r det viktigt att vidta \u00e5tg\u00e4rder och minska radonhalterna i inomhusmilj\u00f6n. Genom att genomf\u00f6ra radonm\u00e4tningar och vid behov genomf\u00f6ra radonsanering kan man s\u00e4kerst\u00e4lla en h\u00e4lsosam inomhusmilj\u00f6 med l\u00e5ga radonhalter.<\/p>\n\n\n\n<div style=\"height:50px\" aria-hidden=\"true\" class=\"wp-block-spacer\"><\/div>\n\n\n\n<h2 class=\"wp-block-heading has-text-align-center\"><strong>Radon p\u00e5 arbetsplatsen: Enkelt att m\u00e4ta, tryggt att jobba!<\/strong><\/h2>\n\n\n\n<p>Din arbetsplats ska vara en trygg plats. D\u00e4rf\u00f6r \u00e4r det viktigt att radonhalten m\u00e4ts och att \u00e5tg\u00e4rder vidtas om den \u00e4r f\u00f6r h\u00f6g. Radon \u00e4r en osynlig gas som kan vara farlig om man uts\u00e4tts f\u00f6r den under l\u00e5ng tid. Den goda nyheten \u00e4r att det \u00e4r enkelt att m\u00e4ta radon och att det finns \u00e5tg\u00e4rder man kan vidta f\u00f6r att s\u00e4nka halten.<\/p>\n\n\n\n<p><strong>Hur g\u00f6r man en radonm\u00e4tning p\u00e5 arbetsplatsen?<\/strong><\/p>\n\n\n\n<ul class=\"wp-block-list\">\n<li>Best\u00e4ll ackrediterade sp\u00e5rfilmsdosor.<\/li>\n\n\n\n<li>Placera ut dosorna under minst 60 dagar under eldningss\u00e4songen (1 oktober &#8211; 30 april).<\/li>\n\n\n\n<li>Skicka tillbaka dosorna f\u00f6r analys.<\/li>\n\n\n\n<li>F\u00e5 resultat och vidta \u00e5tg\u00e4rder om radonhalten \u00e4r f\u00f6r h\u00f6g.<\/li>\n<\/ul>\n\n\n\n<p><strong>Arbetsgivaren ansvarar f\u00f6r att:<\/strong><\/p>\n\n\n\n<ul class=\"wp-block-list\">\n<li>M\u00e4ta radonhalten.<\/li>\n\n\n\n<li>Vidta \u00e5tg\u00e4rder om radonhalten \u00e4r f\u00f6r h\u00f6g.<\/li>\n\n\n\n<li>Anm\u00e4la radonhalten till Str\u00e5ls\u00e4kerhetsmyndigheten om den \u00f6verstiger 200 Bq\/m\u00b3.<\/li>\n<\/ul>\n\n\n\n<p><strong>Nyheter:<\/strong><\/p>\n\n\n\n<ul class=\"wp-block-list\">\n<li>En ny och f\u00f6rb\u00e4ttrad metodbeskrivning f\u00f6r radonm\u00e4tning p\u00e5 arbetsplatser g\u00e4ller sedan 1 oktober 2021.<\/li>\n\n\n\n<li>Den nya metodbeskrivningen \u00e4r mer exakt och ersatte den tidigare fr\u00e5n 2004.<\/li>\n<\/ul>\n\n\n\n<p><strong>Kom ih\u00e5g:<\/strong><\/p>\n\n\n\n<ul class=\"wp-block-list\">\n<li>Att m\u00e4ta radon \u00e4r enkelt och billigt.<\/li>\n\n\n\n<li>Det \u00e4r b\u00e4ttre att vara f\u00f6rsiktig \u00e4n att riskera h\u00e4lsan.<\/li>\n<\/ul>\n\n\n\n<h4 class=\"wp-block-heading has-text-align-center\"><br><strong>Best\u00e4ll radonm\u00e4tning idag och skapa en trygg arbetsplats!<\/strong><\/h4>\n","protected":false},"excerpt":{"rendered":"<p>Det \u00e4r arbetsgivarens ansvar i Sverige att s\u00e4kerst\u00e4lla en s\u00e4ker arbetsmilj\u00f6, det inkluderar att skydda arbetstagare fr\u00e5n radonexponering. En ny Str\u00e5lskyddslag som reglerar radon p\u00e5 arbetsplatser tr\u00e4dde i kraft \u00e5r 2018. Enligt denna lag \u00e4r arbetsgivare skyldiga att agera om radonhalterna \u00f6verstiger 200 Bq\/m3. B\u00e5de Arbetsmilj\u00f6lagen och Str\u00e5lskyddsf\u00f6rordningen reglerar kraven och Str\u00e5ls\u00e4kerhetsmyndigheten har tillsynsansvar f\u00f6r [&hellip;]<\/p>\n","protected":false},"author":1,"featured_media":0,"parent":0,"menu_order":0,"comment_status":"closed","ping_status":"closed","template":"","meta":{"footnotes":""},"class_list":["post-2","page","type-page","status-publish","hentry"],"yoast_head":"<!-- This site is optimized with the Yoast SEO plugin v27.3 - https:\/\/yoast.com\/product\/yoast-seo-wordpress\/ -->\n<title>Radonm\u00e4tning arbetsplats - Radonm\u00e4tning - arbetsplats<\/title>\n<meta name=\"description\" content=\"Radonm\u00e4tning arbetsplats: Det \u00e4r arbetsgivarens ansvar att s\u00e4kerst\u00e4lla en s\u00e4ker arbetsmilj\u00f6. Att genomf\u00f6ra en radonm\u00e4tning \u00e4r enkelt.\" \/>\n<meta name=\"robots\" content=\"index, follow, max-snippet:-1, max-image-preview:large, max-video-preview:-1\" \/>\n<link rel=\"canonical\" href=\"https:\/\/www.xn--radonmtningarbetsplats-54b.nu\/\" \/>\n<meta property=\"og:locale\" content=\"sv_SE\" \/>\n<meta property=\"og:type\" content=\"article\" \/>\n<meta property=\"og:title\" content=\"Radonm\u00e4tning arbetsplats - Radonm\u00e4tning - arbetsplats\" \/>\n<meta property=\"og:description\" content=\"Radonm\u00e4tning arbetsplats: Det \u00e4r arbetsgivarens ansvar att s\u00e4kerst\u00e4lla en s\u00e4ker arbetsmilj\u00f6. Att genomf\u00f6ra en radonm\u00e4tning \u00e4r enkelt.\" \/>\n<meta property=\"og:url\" content=\"https:\/\/www.xn--radonmtningarbetsplats-54b.nu\/\" \/>\n<meta property=\"og:site_name\" content=\"Radonm\u00e4tning - arbetsplats\" \/>\n<meta property=\"article:modified_time\" content=\"2024-11-05T08:00:24+00:00\" \/>\n<meta property=\"og:image\" content=\"https:\/\/www.xn--radonmtningarbetsplats-54b.nu\/wp-content\/uploads\/2023\/05\/radon-workplace.jpg\" \/>\n\t<meta property=\"og:image:width\" content=\"1920\" \/>\n\t<meta property=\"og:image:height\" content=\"1080\" \/>\n\t<meta property=\"og:image:type\" content=\"image\/jpeg\" \/>\n<meta name=\"twitter:card\" content=\"summary_large_image\" \/>\n<meta name=\"twitter:label1\" content=\"Ber\u00e4knad l\u00e4stid\" \/>\n\t<meta name=\"twitter:data1\" content=\"5 minuter\" \/>\n<script type=\"application\/ld+json\" class=\"yoast-schema-graph\">{\"@context\":\"https:\\\/\\\/schema.org\",\"@graph\":[{\"@type\":\"WebPage\",\"@id\":\"https:\\\/\\\/www.xn--radonmtningarbetsplats-54b.nu\\\/\",\"url\":\"https:\\\/\\\/www.xn--radonmtningarbetsplats-54b.nu\\\/\",\"name\":\"Radonm\u00e4tning arbetsplats - Radonm\u00e4tning - arbetsplats\",\"isPartOf\":{\"@id\":\"https:\\\/\\\/www.xn--radonmtningarbetsplats-54b.nu\\\/#website\"},\"primaryImageOfPage\":{\"@id\":\"https:\\\/\\\/www.xn--radonmtningarbetsplats-54b.nu\\\/#primaryimage\"},\"image\":{\"@id\":\"https:\\\/\\\/www.xn--radonmtningarbetsplats-54b.nu\\\/#primaryimage\"},\"thumbnailUrl\":\"https:\\\/\\\/www.xn--radonmtningarbetsplats-54b.nu\\\/wp-content\\\/uploads\\\/2023\\\/05\\\/radon-workplace.jpg\",\"datePublished\":\"2023-04-26T11:22:59+00:00\",\"dateModified\":\"2024-11-05T08:00:24+00:00\",\"description\":\"Radonm\u00e4tning arbetsplats: Det \u00e4r arbetsgivarens ansvar att s\u00e4kerst\u00e4lla en s\u00e4ker arbetsmilj\u00f6. Att genomf\u00f6ra en radonm\u00e4tning \u00e4r enkelt.\",\"breadcrumb\":{\"@id\":\"https:\\\/\\\/www.xn--radonmtningarbetsplats-54b.nu\\\/#breadcrumb\"},\"inLanguage\":\"sv-SE\",\"potentialAction\":[{\"@type\":\"ReadAction\",\"target\":[\"https:\\\/\\\/www.xn--radonmtningarbetsplats-54b.nu\\\/\"]}]},{\"@type\":\"ImageObject\",\"inLanguage\":\"sv-SE\",\"@id\":\"https:\\\/\\\/www.xn--radonmtningarbetsplats-54b.nu\\\/#primaryimage\",\"url\":\"https:\\\/\\\/www.xn--radonmtningarbetsplats-54b.nu\\\/wp-content\\\/uploads\\\/2023\\\/05\\\/radon-workplace.jpg\",\"contentUrl\":\"https:\\\/\\\/www.xn--radonmtningarbetsplats-54b.nu\\\/wp-content\\\/uploads\\\/2023\\\/05\\\/radon-workplace.jpg\",\"width\":1920,\"height\":1080,\"caption\":\"M\u00e4ta radon arbetsplats\"},{\"@type\":\"BreadcrumbList\",\"@id\":\"https:\\\/\\\/www.xn--radonmtningarbetsplats-54b.nu\\\/#breadcrumb\",\"itemListElement\":[{\"@type\":\"ListItem\",\"position\":1,\"name\":\"Hem\",\"item\":\"https:\\\/\\\/www.xn--radonmtningarbetsplats-54b.nu\\\/\"},{\"@type\":\"ListItem\",\"position\":2,\"name\":\"Radonm\u00e4tning arbetsplats\"}]},{\"@type\":\"WebSite\",\"@id\":\"https:\\\/\\\/www.xn--radonmtningarbetsplats-54b.nu\\\/#website\",\"url\":\"https:\\\/\\\/www.xn--radonmtningarbetsplats-54b.nu\\\/\",\"name\":\"Radonm\u00e4tning - arbetsplats\",\"description\":\"P\u00e5 arbetsplatsen \u00e4r det viktigt att k\u00e4nna sig trygg och s\u00e4ker.\",\"potentialAction\":[{\"@type\":\"SearchAction\",\"target\":{\"@type\":\"EntryPoint\",\"urlTemplate\":\"https:\\\/\\\/www.xn--radonmtningarbetsplats-54b.nu\\\/?s={search_term_string}\"},\"query-input\":{\"@type\":\"PropertyValueSpecification\",\"valueRequired\":true,\"valueName\":\"search_term_string\"}}],\"inLanguage\":\"sv-SE\"}]}<\/script>\n<!-- \/ Yoast SEO plugin. -->","yoast_head_json":{"title":"Radonm\u00e4tning arbetsplats - Radonm\u00e4tning - arbetsplats","description":"Radonm\u00e4tning arbetsplats: Det \u00e4r arbetsgivarens ansvar att s\u00e4kerst\u00e4lla en s\u00e4ker arbetsmilj\u00f6. Att genomf\u00f6ra en radonm\u00e4tning \u00e4r enkelt.","robots":{"index":"index","follow":"follow","max-snippet":"max-snippet:-1","max-image-preview":"max-image-preview:large","max-video-preview":"max-video-preview:-1"},"canonical":"https:\/\/www.xn--radonmtningarbetsplats-54b.nu\/","og_locale":"sv_SE","og_type":"article","og_title":"Radonm\u00e4tning arbetsplats - Radonm\u00e4tning - arbetsplats","og_description":"Radonm\u00e4tning arbetsplats: Det \u00e4r arbetsgivarens ansvar att s\u00e4kerst\u00e4lla en s\u00e4ker arbetsmilj\u00f6. Att genomf\u00f6ra en radonm\u00e4tning \u00e4r enkelt.","og_url":"https:\/\/www.xn--radonmtningarbetsplats-54b.nu\/","og_site_name":"Radonm\u00e4tning - arbetsplats","article_modified_time":"2024-11-05T08:00:24+00:00","og_image":[{"width":1920,"height":1080,"url":"https:\/\/www.xn--radonmtningarbetsplats-54b.nu\/wp-content\/uploads\/2023\/05\/radon-workplace.jpg","type":"image\/jpeg"}],"twitter_card":"summary_large_image","twitter_misc":{"Ber\u00e4knad l\u00e4stid":"5 minuter"},"schema":{"@context":"https:\/\/schema.org","@graph":[{"@type":"WebPage","@id":"https:\/\/www.xn--radonmtningarbetsplats-54b.nu\/","url":"https:\/\/www.xn--radonmtningarbetsplats-54b.nu\/","name":"Radonm\u00e4tning arbetsplats - Radonm\u00e4tning - arbetsplats","isPartOf":{"@id":"https:\/\/www.xn--radonmtningarbetsplats-54b.nu\/#website"},"primaryImageOfPage":{"@id":"https:\/\/www.xn--radonmtningarbetsplats-54b.nu\/#primaryimage"},"image":{"@id":"https:\/\/www.xn--radonmtningarbetsplats-54b.nu\/#primaryimage"},"thumbnailUrl":"https:\/\/www.xn--radonmtningarbetsplats-54b.nu\/wp-content\/uploads\/2023\/05\/radon-workplace.jpg","datePublished":"2023-04-26T11:22:59+00:00","dateModified":"2024-11-05T08:00:24+00:00","description":"Radonm\u00e4tning arbetsplats: Det \u00e4r arbetsgivarens ansvar att s\u00e4kerst\u00e4lla en s\u00e4ker arbetsmilj\u00f6. Att genomf\u00f6ra en radonm\u00e4tning \u00e4r enkelt.","breadcrumb":{"@id":"https:\/\/www.xn--radonmtningarbetsplats-54b.nu\/#breadcrumb"},"inLanguage":"sv-SE","potentialAction":[{"@type":"ReadAction","target":["https:\/\/www.xn--radonmtningarbetsplats-54b.nu\/"]}]},{"@type":"ImageObject","inLanguage":"sv-SE","@id":"https:\/\/www.xn--radonmtningarbetsplats-54b.nu\/#primaryimage","url":"https:\/\/www.xn--radonmtningarbetsplats-54b.nu\/wp-content\/uploads\/2023\/05\/radon-workplace.jpg","contentUrl":"https:\/\/www.xn--radonmtningarbetsplats-54b.nu\/wp-content\/uploads\/2023\/05\/radon-workplace.jpg","width":1920,"height":1080,"caption":"M\u00e4ta radon arbetsplats"},{"@type":"BreadcrumbList","@id":"https:\/\/www.xn--radonmtningarbetsplats-54b.nu\/#breadcrumb","itemListElement":[{"@type":"ListItem","position":1,"name":"Hem","item":"https:\/\/www.xn--radonmtningarbetsplats-54b.nu\/"},{"@type":"ListItem","position":2,"name":"Radonm\u00e4tning arbetsplats"}]},{"@type":"WebSite","@id":"https:\/\/www.xn--radonmtningarbetsplats-54b.nu\/#website","url":"https:\/\/www.xn--radonmtningarbetsplats-54b.nu\/","name":"Radonm\u00e4tning - arbetsplats","description":"P\u00e5 arbetsplatsen \u00e4r det viktigt att k\u00e4nna sig trygg och s\u00e4ker.","potentialAction":[{"@type":"SearchAction","target":{"@type":"EntryPoint","urlTemplate":"https:\/\/www.xn--radonmtningarbetsplats-54b.nu\/?s={search_term_string}"},"query-input":{"@type":"PropertyValueSpecification","valueRequired":true,"valueName":"search_term_string"}}],"inLanguage":"sv-SE"}]}},"jetpack_sharing_enabled":true,"_links":{"self":[{"href":"https:\/\/www.xn--radonmtningarbetsplats-54b.nu\/index.php?rest_route=\/wp\/v2\/pages\/2","targetHints":{"allow":["GET"]}}],"collection":[{"href":"https:\/\/www.xn--radonmtningarbetsplats-54b.nu\/index.php?rest_route=\/wp\/v2\/pages"}],"about":[{"href":"https:\/\/www.xn--radonmtningarbetsplats-54b.nu\/index.php?rest_route=\/wp\/v2\/types\/page"}],"author":[{"embeddable":true,"href":"https:\/\/www.xn--radonmtningarbetsplats-54b.nu\/index.php?rest_route=\/wp\/v2\/users\/1"}],"replies":[{"embeddable":true,"href":"https:\/\/www.xn--radonmtningarbetsplats-54b.nu\/index.php?rest_route=%2Fwp%2Fv2%2Fcomments&post=2"}],"version-history":[{"count":33,"href":"https:\/\/www.xn--radonmtningarbetsplats-54b.nu\/index.php?rest_route=\/wp\/v2\/pages\/2\/revisions"}],"predecessor-version":[{"id":112,"href":"https:\/\/www.xn--radonmtningarbetsplats-54b.nu\/index.php?rest_route=\/wp\/v2\/pages\/2\/revisions\/112"}],"wp:attachment":[{"href":"https:\/\/www.xn--radonmtningarbetsplats-54b.nu\/index.php?rest_route=%2Fwp%2Fv2%2Fmedia&parent=2"}],"curies":[{"name":"wp","href":"https:\/\/api.w.org\/{rel}","templated":true}]}}